{"id":391,"date":"2023-08-25T06:55:37","date_gmt":"2023-08-25T06:55:37","guid":{"rendered":"https:\/\/xn--salobreacenterbeach-13b.es\/?page_id=391"},"modified":"2023-08-25T06:57:56","modified_gmt":"2023-08-25T06:57:56","slug":"aviso-legal-formulario","status":"publish","type":"page","link":"https:\/\/xn--salobreacenterbeach-13b.es\/en\/aviso-legal-formulario\/","title":{"rendered":"Aviso legal formulario"},"content":{"rendered":"<div data-elementor-type=\"wp-page\" data-elementor-id=\"391\" class=\"elementor elementor-391\" data-elementor-post-type=\"page\">\n\t\t\t\t<div class=\"elementor-element elementor-element-ec225fe e-flex e-con-boxed e-con e-parent\" data-id=\"ec225fe\" data-element_type=\"container\" data-e-type=\"container\">\n\t\t\t\t\t<div class=\"e-con-inner\">\n\t\t\t\t\t<\/div>\n\t\t\t\t<\/div>\n\t\t<div class=\"elementor-element elementor-element-ec43cac e-flex e-con-boxed e-con e-parent\" data-id=\"ec43cac\" data-element_type=\"container\" data-e-type=\"container\">\n\t\t\t\t\t<div class=\"e-con-inner\">\n\t\t\t\t<div class=\"elementor-element elementor-element-7e3aa07 elementor-position-inline-start elementor-mobile-position-inline-start elementor-view-default elementor-widget elementor-widget-icon-box\" data-id=\"7e3aa07\" data-element_type=\"widget\" data-e-type=\"widget\" data-widget_type=\"icon-box.default\">\n\t\t\t\t<div class=\"elementor-widget-container\">\n\t\t\t\t\t\t\t<div class=\"elementor-icon-box-wrapper\">\n\n\t\t\t\t\t\t<div class=\"elementor-icon-box-icon\">\n\t\t\t\t<span  class=\"elementor-icon\">\n\t\t\t\t<svg xmlns=\"http:\/\/www.w3.org\/2000\/svg\" width=\"42\" height=\"42\" viewbox=\"0 0 42 42\"><g id=\"Grupo_88\" data-name=\"Grupo 88\" transform=\"translate(-50 -831.5)\"><line id=\"L&#xED;nea_7\" data-name=\"L&#xED;nea 7\" x2=\"42\" transform=\"translate(50 872.5)\" fill=\"none\" stroke=\"#0084e7\" stroke-width=\"2\"><\/line><line id=\"L&#xED;nea_8\" data-name=\"L&#xED;nea 8\" y2=\"42\" transform=\"translate(51 831.5)\" fill=\"none\" stroke=\"#00a8fe\" stroke-width=\"2\"><\/line><\/g><\/svg>\t\t\t\t<\/span>\n\t\t\t<\/div>\n\t\t\t\n\t\t\t\t\t\t<div class=\"elementor-icon-box-content\">\n\n\t\t\t\t\t\t\t\t\t<h2 class=\"elementor-icon-box-title\">\n\t\t\t\t\t\t<span  >\n\t\t\t\t\t\t\tLegal notice\t\t\t\t\t\t<\/span>\n\t\t\t\t\t<\/h2>\n\t\t\t\t\n\t\t\t\t\n\t\t\t<\/div>\n\t\t\t\n\t\t<\/div>\n\t\t\t\t\t\t<\/div>\n\t\t\t\t<\/div>\n\t\t\t\t<div class=\"elementor-element elementor-element-3446e0b elementor-widget elementor-widget-text-editor\" data-id=\"3446e0b\" data-element_type=\"widget\" data-e-type=\"widget\" data-widget_type=\"text-editor.default\">\n\t\t\t\t<div class=\"elementor-widget-container\">\n\t\t\t\t\t\t\t\t\t<p>Los datos personales proporcionados se conservar\u00e1n, mientras se mantenga la relaci\u00f3n mercantil, no se solicite su supresi\u00f3n por el interesado, o durante 1 a\u00f1o a partir de la \u00faltima confirmaci\u00f3n de inter\u00e9s, o durante el tiempo necesario para cumplir con las obligaciones legales. La empresa NO tomar\u00e1 decisiones automatizadas. Los datos no se ceder\u00e1n a terceros salvo en los casos en que exista una obligaci\u00f3n legal y los trataremos en base a su consentimiento o ejecuci\u00f3n de un contrato.<\/p><p>\u00a0<\/p><p>Asimismo, le informamos de la posibilidad de ejercer los siguientes derechos sobre sus datos personales: derecho de acceso, rectificaci\u00f3n, supresi\u00f3n u olvido, limitaci\u00f3n, oposici\u00f3n, portabilidad y a retirar el consentimiento prestado, para ello podr\u00e1 enviar un email a: <strong>eortiz@inmobiliariauno.es <\/strong><\/p><p>Adem\u00e1s, el interesado puede dirigirse a la Autoridad de Control en materia de Protecci\u00f3n de Datos competente para obtener informaci\u00f3n adicional o presentar una reclamaci\u00f3n.<\/p><p>\u00a0<\/p><p>Datos identificativos del responsable:<\/p><p>GRUPO INMOBILIARIO NACHIO, S.L, B18357384, C\/ DE LA SULTANA N\u00ba 1, LOCAL 3 &#8211; 18008 &#8211; GRANADA &#8211; 958304040<\/p>\t\t\t\t\t\t\t\t<\/div>\n\t\t\t\t<\/div>\n\t\t\t\t\t<\/div>\n\t\t\t\t<\/div>\n\t\t\t\t<\/div>","protected":false},"excerpt":{"rendered":"<p>Aviso legal Los datos personales proporcionados se conservar\u00e1n, mientras se mantenga la relaci\u00f3n mercantil, no se solicite su supresi\u00f3n por el interesado, o durante 1 a\u00f1o a partir de la \u00faltima confirmaci\u00f3n de inter\u00e9s, o durante el tiempo necesario para cumplir con las obligaciones legales. La empresa NO tomar\u00e1 decisiones automatizadas. Los datos no se [&hellip;]<\/p>","protected":false},"author":3,"featured_media":0,"parent":0,"menu_order":0,"comment_status":"closed","ping_status":"closed","template":"elementor_header_footer","meta":{"_joinchat":[],"footnotes":""},"class_list":["post-391","page","type-page","status-publish","hentry"],"_links":{"self":[{"href":"https:\/\/xn--salobreacenterbeach-13b.es\/en\/wp-json\/wp\/v2\/pages\/391","targetHints":{"allow":["GET"]}}],"collection":[{"href":"https:\/\/xn--salobreacenterbeach-13b.es\/en\/wp-json\/wp\/v2\/pages"}],"about":[{"href":"https:\/\/xn--salobreacenterbeach-13b.es\/en\/wp-json\/wp\/v2\/types\/page"}],"author":[{"embeddable":true,"href":"https:\/\/xn--salobreacenterbeach-13b.es\/en\/wp-json\/wp\/v2\/users\/3"}],"replies":[{"embeddable":true,"href":"https:\/\/xn--salobreacenterbeach-13b.es\/en\/wp-json\/wp\/v2\/comments?post=391"}],"version-history":[{"count":4,"href":"https:\/\/xn--salobreacenterbeach-13b.es\/en\/wp-json\/wp\/v2\/pages\/391\/revisions"}],"predecessor-version":[{"id":395,"href":"https:\/\/xn--salobreacenterbeach-13b.es\/en\/wp-json\/wp\/v2\/pages\/391\/revisions\/395"}],"wp:attachment":[{"href":"https:\/\/xn--salobreacenterbeach-13b.es\/en\/wp-json\/wp\/v2\/media?parent=391"}],"curies":[{"name":"wp","href":"https:\/\/api.w.org\/{rel}","templated":true}]}}