{"id":256,"date":"2023-08-22T08:11:41","date_gmt":"2023-08-22T08:11:41","guid":{"rendered":"https:\/\/xn--salobreacenterbeach-13b.es\/?page_id=256"},"modified":"2023-08-25T06:48:14","modified_gmt":"2023-08-25T06:48:14","slug":"aviso-legal","status":"publish","type":"page","link":"https:\/\/xn--salobreacenterbeach-13b.es\/en\/aviso-legal\/","title":{"rendered":"Legal notice"},"content":{"rendered":"<div data-elementor-type=\"wp-page\" data-elementor-id=\"256\" class=\"elementor elementor-256\" data-elementor-post-type=\"page\">\n\t\t\t\t<div class=\"elementor-element elementor-element-ad14ab3 e-flex e-con-boxed e-con e-parent\" data-id=\"ad14ab3\" data-element_type=\"container\" data-e-type=\"container\">\n\t\t\t\t\t<div class=\"e-con-inner\">\n\t\t\t\t<div class=\"elementor-element elementor-element-fe2866c elementor-position-inline-start elementor-mobile-position-inline-start elementor-view-default elementor-widget elementor-widget-icon-box\" data-id=\"fe2866c\" data-element_type=\"widget\" data-e-type=\"widget\" data-widget_type=\"icon-box.default\">\n\t\t\t\t<div class=\"elementor-widget-container\">\n\t\t\t\t\t\t\t<div class=\"elementor-icon-box-wrapper\">\n\n\t\t\t\t\t\t<div class=\"elementor-icon-box-icon\">\n\t\t\t\t<span  class=\"elementor-icon\">\n\t\t\t\t<svg xmlns=\"http:\/\/www.w3.org\/2000\/svg\" width=\"42\" height=\"42\" viewbox=\"0 0 42 42\"><g id=\"Grupo_88\" data-name=\"Grupo 88\" transform=\"translate(-50 -831.5)\"><line id=\"L&#xED;nea_7\" data-name=\"L&#xED;nea 7\" x2=\"42\" transform=\"translate(50 872.5)\" fill=\"none\" stroke=\"#0084e7\" stroke-width=\"2\"><\/line><line id=\"L&#xED;nea_8\" data-name=\"L&#xED;nea 8\" y2=\"42\" transform=\"translate(51 831.5)\" fill=\"none\" stroke=\"#00a8fe\" stroke-width=\"2\"><\/line><\/g><\/svg>\t\t\t\t<\/span>\n\t\t\t<\/div>\n\t\t\t\n\t\t\t\t\t\t<div class=\"elementor-icon-box-content\">\n\n\t\t\t\t\t\t\t\t\t<h2 class=\"elementor-icon-box-title\">\n\t\t\t\t\t\t<span  >\n\t\t\t\t\t\t\tLegal notice\t\t\t\t\t\t<\/span>\n\t\t\t\t\t<\/h2>\n\t\t\t\t\n\t\t\t\t\n\t\t\t<\/div>\n\t\t\t\n\t\t<\/div>\n\t\t\t\t\t\t<\/div>\n\t\t\t\t<\/div>\n\t\t\t\t<div class=\"elementor-element elementor-element-b7e2ebc elementor-widget elementor-widget-text-editor\" data-id=\"b7e2ebc\" data-element_type=\"widget\" data-e-type=\"widget\" data-widget_type=\"text-editor.default\">\n\t\t\t\t<div class=\"elementor-widget-container\">\n\t\t\t\t\t\t\t\t\t<p>En cumplimiento del art\u00edculo 10 de la Ley 34\/2002, de \u00a011 de julio, de Servicios de la Sociedad de la Informaci\u00f3n y Comercio Electr\u00f3nico (LSSICE) a continuaci\u00f3n se detallan los datos identificativos de la entidad:<\/p><p>\u00a0<\/p><p>GRUPO INMOBILIARIO NACHIO<\/p><p>Raz\u00f3n social: GRUPO INMOBILIARIO NACHIO, S.L<\/p><p>NIF: B18357384<\/p><p>Direcci\u00f3n: C\/ DE LA SULTANA N\u00ba 1, LOCAL 3 &#8211; 18008 &#8211; GRANADA &#8211; GRANADA<\/p><p>Tel\u00e9fono: 958304040<\/p><p>Email: eortiz@inmobiliariauno.es<\/p><p>\u00a0<\/p><p>\u00a0<\/p><p><strong>FINALIDAD DE LA P\u00c1GINA WEB.<\/strong><\/p><p>Informarle de los servicios que se ofrecen a trav\u00e9s de la web<\/p><p>\u00a0<\/p><p>El presente aviso legal (en adelante, el \u00abAviso Legal\u00bb) regula el uso del sitio web: https:\/\/salobre\u00f1acenterbeach.es<\/p><p>\u00a0<\/p><p><strong>LEGISLACI\u00d3N.<\/strong><\/p><p>Con car\u00e1cter general las relaciones entre GRUPO INMOBILIARIO NACHIO, S.L\u00a0 y los Usuarios de sus servicios telem\u00e1ticos, presentes en este sitio web, se encuentran sometidas a la legislaci\u00f3n y jurisdicci\u00f3n espa\u00f1olas.<\/p><p>\u00a0<\/p><p><strong>USO Y ACCESO DE USUARIOS.<\/strong><\/p><p>El Usuario queda informado, y acepta, que el acceso a la presente web no supone, en modo alguno, el inicio de una relaci\u00f3n comercial con GRUPO INMOBILIARIO NACHIO, S.L o cualquiera de sus delegaciones.<\/p><p>\u00a0<\/p><p><strong>PROPIEDAD INTELECTUAL E INDUSTRIAL.<\/strong><\/p><p>Los derechos de propiedad intelectual del contenido de las p\u00e1ginas web, su dise\u00f1o gr\u00e1fico y c\u00f3digos son titularidad de GRUPO INMOBILIARIO NACHIO, S.L y, por tanto, queda prohibida su reproducci\u00f3n, distribuci\u00f3n, comunicaci\u00f3n p\u00fablica, transformaci\u00f3n o cualquier otra actividad que se pueda realizar con los contenidos de sus p\u00e1ginas web ni aun citando las fuentes, salvo consentimiento por escrito de GRUPO INMOBILIARIO NACHIO, S.L.<\/p><p>\u00a0<\/p><p><strong>CONTENIDO DE LA WEB Y ENLACES (LINKS).<\/strong><\/p><p>GRUPO INMOBILIARIO NACHIO, S.L \u00a0se reserva el derecho a actualizar, modificar o eliminar la informaci\u00f3n contenida en sus p\u00e1ginas web pudiendo incluso limitar o no permitir el acceso a dicha informaci\u00f3n a ciertos usuarios.<\/p><p>\u00a0<\/p><p>GRUPO INMOBILIARIO NACHIO, S.L\u00a0 no asume responsabilidad alguna por la informaci\u00f3n contenida en p\u00e1ginas web de terceros a las que se pueda acceder por \u00ablinks\u00bb o enlaces desde cualquier p\u00e1gina web propiedad de GRUPO INMOBILIARIO NACHIO, S.L . La presencia de \u00ablinks\u00bb o enlaces en las p\u00e1ginas web de GRUPO INMOBILIARIO NACHIO, S.L tiene finalidad meramente informativa y en ning\u00fan caso supone sugerencia, invitaci\u00f3n o recomendaci\u00f3n sobre los mismos.<\/p>\t\t\t\t\t\t\t\t<\/div>\n\t\t\t\t<\/div>\n\t\t\t\t\t<\/div>\n\t\t\t\t<\/div>\n\t\t\t\t<\/div>","protected":false},"excerpt":{"rendered":"<p>Aviso legal En cumplimiento del art\u00edculo 10 de la Ley 34\/2002, de \u00a011 de julio, de Servicios de la Sociedad de la Informaci\u00f3n y Comercio Electr\u00f3nico (LSSICE) a continuaci\u00f3n se detallan los datos identificativos de la entidad: \u00a0 GRUPO INMOBILIARIO NACHIO Raz\u00f3n social: GRUPO INMOBILIARIO NACHIO, S.L NIF: B18357384 Direcci\u00f3n: C\/ DE LA SULTANA N\u00ba [&hellip;]<\/p>","protected":false},"author":3,"featured_media":0,"parent":0,"menu_order":0,"comment_status":"closed","ping_status":"closed","template":"elementor_header_footer","meta":{"_joinchat":[],"footnotes":""},"class_list":["post-256","page","type-page","status-publish","hentry"],"_links":{"self":[{"href":"https:\/\/xn--salobreacenterbeach-13b.es\/en\/wp-json\/wp\/v2\/pages\/256","targetHints":{"allow":["GET"]}}],"collection":[{"href":"https:\/\/xn--salobreacenterbeach-13b.es\/en\/wp-json\/wp\/v2\/pages"}],"about":[{"href":"https:\/\/xn--salobreacenterbeach-13b.es\/en\/wp-json\/wp\/v2\/types\/page"}],"author":[{"embeddable":true,"href":"https:\/\/xn--salobreacenterbeach-13b.es\/en\/wp-json\/wp\/v2\/users\/3"}],"replies":[{"embeddable":true,"href":"https:\/\/xn--salobreacenterbeach-13b.es\/en\/wp-json\/wp\/v2\/comments?post=256"}],"version-history":[{"count":7,"href":"https:\/\/xn--salobreacenterbeach-13b.es\/en\/wp-json\/wp\/v2\/pages\/256\/revisions"}],"predecessor-version":[{"id":386,"href":"https:\/\/xn--salobreacenterbeach-13b.es\/en\/wp-json\/wp\/v2\/pages\/256\/revisions\/386"}],"wp:attachment":[{"href":"https:\/\/xn--salobreacenterbeach-13b.es\/en\/wp-json\/wp\/v2\/media?parent=256"}],"curies":[{"name":"wp","href":"https:\/\/api.w.org\/{rel}","templated":true}]}}