{"id":254,"date":"2023-08-22T08:11:19","date_gmt":"2023-08-22T08:11:19","guid":{"rendered":"https:\/\/xn--salobreacenterbeach-13b.es\/?page_id=254"},"modified":"2023-08-25T06:45:21","modified_gmt":"2023-08-25T06:45:21","slug":"politica-cookies","status":"publish","type":"page","link":"https:\/\/xn--salobreacenterbeach-13b.es\/en\/politica-cookies\/","title":{"rendered":"Pol\u00edtica cookies"},"content":{"rendered":"<div data-elementor-type=\"wp-page\" data-elementor-id=\"254\" class=\"elementor elementor-254\" data-elementor-post-type=\"page\">\n\t\t\t\t<div class=\"elementor-element elementor-element-b8b8088 e-flex e-con-boxed e-con e-parent\" data-id=\"b8b8088\" data-element_type=\"container\" data-e-type=\"container\">\n\t\t\t\t\t<div class=\"e-con-inner\">\n\t\t\t\t<div class=\"elementor-element elementor-element-3b9a0a4 elementor-position-inline-start elementor-mobile-position-inline-start elementor-view-default elementor-widget elementor-widget-icon-box\" data-id=\"3b9a0a4\" data-element_type=\"widget\" data-e-type=\"widget\" data-widget_type=\"icon-box.default\">\n\t\t\t\t<div class=\"elementor-widget-container\">\n\t\t\t\t\t\t\t<div class=\"elementor-icon-box-wrapper\">\n\n\t\t\t\t\t\t<div class=\"elementor-icon-box-icon\">\n\t\t\t\t<span  class=\"elementor-icon\">\n\t\t\t\t<svg xmlns=\"http:\/\/www.w3.org\/2000\/svg\" width=\"42\" height=\"42\" viewbox=\"0 0 42 42\"><g id=\"Grupo_88\" data-name=\"Grupo 88\" transform=\"translate(-50 -831.5)\"><line id=\"L&#xED;nea_7\" data-name=\"L&#xED;nea 7\" x2=\"42\" transform=\"translate(50 872.5)\" fill=\"none\" stroke=\"#0084e7\" stroke-width=\"2\"><\/line><line id=\"L&#xED;nea_8\" data-name=\"L&#xED;nea 8\" y2=\"42\" transform=\"translate(51 831.5)\" fill=\"none\" stroke=\"#00a8fe\" stroke-width=\"2\"><\/line><\/g><\/svg>\t\t\t\t<\/span>\n\t\t\t<\/div>\n\t\t\t\n\t\t\t\t\t\t<div class=\"elementor-icon-box-content\">\n\n\t\t\t\t\t\t\t\t\t<h2 class=\"elementor-icon-box-title\">\n\t\t\t\t\t\t<span  >\n\t\t\t\t\t\t\tPol\u00edtica de Cookies\t\t\t\t\t\t<\/span>\n\t\t\t\t\t<\/h2>\n\t\t\t\t\n\t\t\t\t\n\t\t\t<\/div>\n\t\t\t\n\t\t<\/div>\n\t\t\t\t\t\t<\/div>\n\t\t\t\t<\/div>\n\t\t\t\t<div class=\"elementor-element elementor-element-9f35fb9 elementor-widget elementor-widget-text-editor\" data-id=\"9f35fb9\" data-element_type=\"widget\" data-e-type=\"widget\" data-widget_type=\"text-editor.default\">\n\t\t\t\t<div class=\"elementor-widget-container\">\n\t\t\t\t\t\t\t\t\t<p>GRUPO INMOBILIARIO NACHIO, S.L, a trav\u00e9s del presente documento, recoge su Pol\u00edtica de recogida y tratamiento de cookies, en cumplimiento de lo dispuesto en el art\u00edculo 22.2 de la Ley 34\/2002, de 11 de julio, de Servicios de la Sociedad de la Informaci\u00f3n y de Comercio Electr\u00f3nico (LSSICE).<\/p><p>\u00a0<\/p><p>Las cookies se almacenan en el equipo terminal del usuario (ordenador o dispositivo m\u00f3vil) y recopilan informaci\u00f3n al visitar la p\u00e1gina web <a href=\"https:\/\/salobre%C3%B1acenterbeach.es\">https:\/\/salobre\u00f1acenterbeach.es<\/a>, con la finalidad de mejorar la usabilidad de las mismas, conocer los h\u00e1bitos o necesidades de navegaci\u00f3n de los usuarios para poder adaptarse a los mismos, as\u00ed como obtener informaci\u00f3n con fines estad\u00edsticos. En el caso de aquellos usuarios que ya sean clientes de la entidad, la informaci\u00f3n recabada con las cookies servir\u00e1 tambi\u00e9n para su identificaci\u00f3n al acceder a las distintas herramientas que la entidad pone a su disposici\u00f3n para la gesti\u00f3n de los servicios.<\/p><p>\u00a0<\/p><p>La presente Pol\u00edtica de Cookies ser\u00e1 de aplicaci\u00f3n a aquellos usuarios que voluntariamente visitan las p\u00e1ginas web de la entidad, cumplimentan formularios de recogida de datos, acceden a las herramientas que la entidad pone a disposici\u00f3n de sus clientes para gestionar sus servicios, o utilizan cualquier otro servicio presente en el sitio web que implique la comunicaci\u00f3n de datos a la entidad, o el acceso a datos por la entidad, para la prestaci\u00f3n de sus servicios.<\/p><p>\u00a0<\/p><p>La entidad informa a los usuarios de sus p\u00e1ginas web, de la existencia de cookies y pone a su disposici\u00f3n la presente Pol\u00edtica con la finalidad de informarles acerca del uso y del objeto de las mismas. El hecho de continuar la navegaci\u00f3n a trav\u00e9s de sus p\u00e1ginas, supone el conocimiento y la aceptaci\u00f3n de la presente Pol\u00edtica por parte de dichos usuarios.<\/p><p>\u00a0<\/p><p>GRUPO INMOBILIARIO NACHIO, S.L\u00a0 utiliza los siguientes tipos de cookies:<\/p><p><table class=\"wt-cli-element cookielawinfo-row-cat-table cookielawinfo-classic\"><thead><tr><th scope=\"col\" class=\"cookielawinfo-column-1\">Cookie<\/th><th scope=\"col\" class=\"cookielawinfo-column-2\">Type<\/th><th scope=\"col\" class=\"cookielawinfo-column-3\">Duration<\/th><th scope=\"col\" class=\"cookielawinfo-column-4\">Description<\/th><\/tr><\/thead><tbody><tr class=\"cookielawinfo-row\"><td class=\"cookielawinfo-column-1\">cookielawinfo-checkbox-analytics<\/td><td class=\"cookielawinfo-column-2\">0<\/td><td class=\"cookielawinfo-column-3\">11 months<\/td><td class=\"cookielawinfo-column-4\">This cookie is set by GDPR Cookie Consent plugin. The cookie is used to store the user consent for the cookies in the category \u00abAnalytics\u00bb.<\/td><\/tr><tr class=\"cookielawinfo-row\"><td class=\"cookielawinfo-column-1\">cookielawinfo-checkbox-functional<\/td><td class=\"cookielawinfo-column-2\">0<\/td><td class=\"cookielawinfo-column-3\">11 months<\/td><td class=\"cookielawinfo-column-4\">The cookie is set by GDPR cookie consent to record the user consent for the cookies in the category \u00abFunctional\u00bb.<\/td><\/tr><tr class=\"cookielawinfo-row\"><td class=\"cookielawinfo-column-1\">cookielawinfo-checkbox-necessary<\/td><td class=\"cookielawinfo-column-2\">0<\/td><td class=\"cookielawinfo-column-3\">11 months<\/td><td class=\"cookielawinfo-column-4\">This cookie is set by GDPR Cookie Consent plugin. The cookies is used to store the user consent for the cookies in the category \u00abNecessary\u00bb.<\/td><\/tr><tr class=\"cookielawinfo-row\"><td class=\"cookielawinfo-column-1\">cookielawinfo-checkbox-others<\/td><td class=\"cookielawinfo-column-2\">0<\/td><td class=\"cookielawinfo-column-3\">11 months<\/td><td class=\"cookielawinfo-column-4\">This cookie is set by GDPR Cookie Consent plugin. The cookie is used to store the user consent for the cookies in the category \u00abOther.<\/td><\/tr><tr class=\"cookielawinfo-row\"><td class=\"cookielawinfo-column-1\">cookielawinfo-checkbox-performance<\/td><td class=\"cookielawinfo-column-2\">0<\/td><td class=\"cookielawinfo-column-3\">11 months<\/td><td class=\"cookielawinfo-column-4\">This cookie is set by GDPR Cookie Consent plugin. The cookie is used to store the user consent for the cookies in the category \u00abPerformance\u00bb.<\/td><\/tr><tr class=\"cookielawinfo-row\"><td class=\"cookielawinfo-column-1\">viewed_cookie_policy<\/td><td class=\"cookielawinfo-column-2\">0<\/td><td class=\"cookielawinfo-column-3\">11 months<\/td><td class=\"cookielawinfo-column-4\">The cookie is set by the GDPR Cookie Consent plugin and is used to store whether or not user has consented to the use of cookies. It does not store any personal data.<\/td><\/tr><\/tbody><\/table><\/p><p>\u00a0\u00a0 \u00a0 \u00a0 Clasificadas por su titularidad:<\/p><p>\u00a0\u00a0 * \u00a0 Cookies propias: enviadas y gestionadas directamente por la entidad.<\/p><p>\u00a0\u00a0 * \u00a0Cookies de terceros: enviadas y gestionadas por un tercero ajeno a la entidad, de forma an\u00f3nima, con la finalidad de realizar estudios estad\u00edsticos de navegaci\u00f3n por las p\u00e1ginas web de la entidad.<\/p><p>\u00a0<\/p><p>\u00a0Clasificadas por su finalidad:<\/p><p>\u00a0\u00a0 * Cookies t\u00e9cnicas y\/o de personalizaci\u00f3n: facilitan la navegaci\u00f3n, al identificar la sesi\u00f3n, permitir el acceso a herramientas de acceso restringido, adem\u00e1s de configurar a medida las opciones disponibles. Posibilitan la prestaci\u00f3n del servicio solicitado previamente por el usuario.<\/p><p>\u00a0\u00a0 * \u00a0Cookies de an\u00e1lisis y\/o publicidad: permiten conocer el n\u00famero de visitas recibidas en las diferentes secciones de las p\u00e1ginas web, los h\u00e1bitos y tendencias de sus usuarios y en consecuencia, poder mejorar la navegaci\u00f3n y el servicio ofrecido por la entidad (fundamentalmente, Google Analytics), as\u00ed como gestionar los espacios publicitarios incluidos en la p\u00e1gina web visitada por el usuario. Recopila datos de forma an\u00f3nima con la finalidad de obtener perfiles de navegaci\u00f3n de los usuarios.<\/p><p>\u00a0<\/p><p>\u00a0Clasificadas por su duraci\u00f3n:<\/p><p>\u00a0\u00a0* \u00a0 Cookies de sesi\u00f3n: recaban y almacenan los datos mientras el usuario accede a la p\u00e1gina web.<\/p><p>\u00a0\u00a0* \u00a0Cookies persistentes: recaban y almacenan los datos en el terminal del usuario durante un periodo de tiempo variable en funci\u00f3n de cu\u00e1l sea la finalidad para la que han sido utilizadas.<\/p><p>\u00a0<\/p><p>El tiempo de conservaci\u00f3n de las cookies depender\u00e1 del tipo de que se trate y siempre ser\u00e1 el m\u00ednimo indispensable para cumplir su finalidad.<\/p><p>\u00a0<\/p><p>En cualquier caso, los usuarios pueden configurar su navegador, de manera que se deshabilite o bloquee la recepci\u00f3n de todas o algunas de las cookies. El hecho de no desear recibir estas cookies, no constituye un impedimento para poder acceder a la informaci\u00f3n de los sitios web de la entidad aunque el uso de algunos servicios podr\u00e1 ser limitado. Si una vez otorgado el consentimiento para la recepci\u00f3n de cookies, se desease retirar \u00e9ste, se deber\u00e1n eliminar aquellas almacenadas en el equipo del usuario, a trav\u00e9s de las opciones de los diferentes navegadores.<\/p><p>\u00a0<\/p><p>La forma de configurar los diferentes navegadores para ejercitar las acciones se\u00f1aladas en los p\u00e1rrafos anteriores, se puede consultar en:<\/p><p>\u00a0\u00a0* \u00a0 \u00a0Explorer: http:\/\/windows.microsoft.com\/es-es\/windows7\/how-to-manage-cookies-in-internet-explorer-9<\/p><p>\u00a0\u00a0* \u00a0 \u00a0Chrome: https:\/\/support.google.com\/chrome\/answer\/95647?hl=es<\/p><p>\u00a0\u00a0* \u00a0 \u00a0Firefox: http:\/\/support.mozilla.org\/es\/kb\/cookies-informacion-que-los-sitios-web-guardan-en-?redirectlocale=en-US&amp;redirectslug=Cookies<\/p>\t\t\t\t\t\t\t\t<\/div>\n\t\t\t\t<\/div>\n\t\t\t\t\t<\/div>\n\t\t\t\t<\/div>\n\t\t\t\t<\/div>","protected":false},"excerpt":{"rendered":"<p>Pol\u00edtica de Cookies GRUPO INMOBILIARIO NACHIO, S.L, a trav\u00e9s del presente documento, recoge su Pol\u00edtica de recogida y tratamiento de cookies, en cumplimiento de lo dispuesto en el art\u00edculo 22.2 de la Ley 34\/2002, de 11 de julio, de Servicios de la Sociedad de la Informaci\u00f3n y de Comercio Electr\u00f3nico (LSSICE). \u00a0 Las cookies se [&hellip;]<\/p>","protected":false},"author":3,"featured_media":0,"parent":0,"menu_order":0,"comment_status":"closed","ping_status":"closed","template":"elementor_header_footer","meta":{"_joinchat":[],"footnotes":""},"class_list":["post-254","page","type-page","status-publish","hentry"],"_links":{"self":[{"href":"https:\/\/xn--salobreacenterbeach-13b.es\/en\/wp-json\/wp\/v2\/pages\/254","targetHints":{"allow":["GET"]}}],"collection":[{"href":"https:\/\/xn--salobreacenterbeach-13b.es\/en\/wp-json\/wp\/v2\/pages"}],"about":[{"href":"https:\/\/xn--salobreacenterbeach-13b.es\/en\/wp-json\/wp\/v2\/types\/page"}],"author":[{"embeddable":true,"href":"https:\/\/xn--salobreacenterbeach-13b.es\/en\/wp-json\/wp\/v2\/users\/3"}],"replies":[{"embeddable":true,"href":"https:\/\/xn--salobreacenterbeach-13b.es\/en\/wp-json\/wp\/v2\/comments?post=254"}],"version-history":[{"count":25,"href":"https:\/\/xn--salobreacenterbeach-13b.es\/en\/wp-json\/wp\/v2\/pages\/254\/revisions"}],"predecessor-version":[{"id":383,"href":"https:\/\/xn--salobreacenterbeach-13b.es\/en\/wp-json\/wp\/v2\/pages\/254\/revisions\/383"}],"wp:attachment":[{"href":"https:\/\/xn--salobreacenterbeach-13b.es\/en\/wp-json\/wp\/v2\/media?parent=254"}],"curies":[{"name":"wp","href":"https:\/\/api.w.org\/{rel}","templated":true}]}}